{"id":255,"date":"2025-10-11T15:12:45","date_gmt":"2025-10-11T08:12:45","guid":{"rendered":"https:\/\/baluxaa2milk.com\/?page_id=255"},"modified":"2025-10-14T14:34:32","modified_gmt":"2025-10-14T07:34:32","slug":"our-a2-farmers","status":"publish","type":"page","link":"https:\/\/baluxaa2milk.com\/en\/our-a2-farmers\/","title":{"rendered":"Our A2 Farmers"},"content":{"rendered":"<div data-elementor-type=\"wp-page\" data-elementor-id=\"255\" class=\"elementor elementor-255\" data-elementor-post-type=\"page\">\n\t\t\t\t<div class=\"elementor-element elementor-element-5f154e0 e-flex e-con-boxed e-con e-parent\" data-id=\"5f154e0\" data-element_type=\"container\" data-settings=\"{&quot;background_background&quot;:&quot;classic&quot;}\">\n\t\t\t\t\t<div class=\"e-con-inner\">\n\t\t\t\t<div class=\"elementor-element elementor-element-b2db94f elementor-widget elementor-widget-heading\" data-id=\"b2db94f\" data-element_type=\"widget\" data-widget_type=\"heading.default\">\n\t\t\t\t\t<h2 class=\"elementor-heading-title elementor-size-default\">Our A2 Farmers<\/h2>\t\t\t\t<\/div>\n\t\t\t\t\t<\/div>\n\t\t\t\t<\/div>\n\t\t<div class=\"elementor-element elementor-element-217281f e-con-full e-flex e-con e-parent\" data-id=\"217281f\" data-element_type=\"container\">\n\t\t\t\t<div class=\"elementor-element elementor-element-12be6db elementor-widget elementor-widget-heading\" data-id=\"12be6db\" data-element_type=\"widget\" data-widget_type=\"heading.default\">\n\t\t\t\t\t<h2 class=\"elementor-heading-title elementor-size-default\">Our Dutch Organic A2 milk farmers<\/h2>\t\t\t\t<\/div>\n\t\t\t\t<div class=\"elementor-element elementor-element-1d45923 elementor-widget elementor-widget-text-editor\" data-id=\"1d45923\" data-element_type=\"widget\" data-widget_type=\"text-editor.default\">\n\t\t\t\t\t\t\t\t\t<p>Back to \u201cprimeval farmer\u201d<\/p>\t\t\t\t\t\t\t\t<\/div>\n\t\t\t\t<\/div>\n\t\t<div class=\"elementor-element elementor-element-93ac8a3 e-flex e-con-boxed e-con e-parent\" data-id=\"93ac8a3\" data-element_type=\"container\" data-settings=\"{&quot;background_background&quot;:&quot;classic&quot;}\">\n\t\t\t\t\t<div class=\"e-con-inner\">\n\t\t<div class=\"elementor-element elementor-element-b8ee6e6 e-flex e-con-boxed e-con e-child\" data-id=\"b8ee6e6\" data-element_type=\"container\" data-settings=\"{&quot;background_background&quot;:&quot;classic&quot;}\">\n\t\t\t\t\t<div class=\"e-con-inner\">\n\t\t\t\t<div class=\"elementor-element elementor-element-72196a8 elementor-widget elementor-widget-text-editor\" data-id=\"72196a8\" data-element_type=\"widget\" data-widget_type=\"text-editor.default\">\n\t\t\t\t\t\t\t\t\t<p>Our A2 dairy cows are on responsibly managed agricultural land. We are proud to lead by example with regard to sustainable agriculture and biodiversity and we do our best to preserve nature.<\/p><p>We strive to follow the biodynamic principle with our Organic A2 farmers. This means that our farmers treat the land with the respect it deserves in order to preserve it for future generations. We approach everything from a sustainability point of view: the quality of the soil and plants, the animals grazing on the land and the people who work on the land. Our goal is to minimize the environmental impact, with a focus on generating: Social Return, Natural Return, Financial Return and finally Inspiration. Hope and inspiration for a future in which people can live for generations on the fertile soil they cultivate. In this way, this agricultural principle creates a good balance for future-proof and profitable agriculture for nature and people.<\/p>\t\t\t\t\t\t\t\t<\/div>\n\t\t\t\t\t<\/div>\n\t\t\t\t<\/div>\n\t\t\t\t\t<\/div>\n\t\t\t\t<\/div>\n\t\t<div class=\"elementor-element elementor-element-fd9116b e-flex e-con-boxed e-con e-parent\" data-id=\"fd9116b\" data-element_type=\"container\">\n\t\t\t\t\t<div class=\"e-con-inner\">\n\t\t\t\t<div class=\"elementor-element elementor-element-96f8af3 elementor-widget elementor-widget-heading\" data-id=\"96f8af3\" data-element_type=\"widget\" data-widget_type=\"heading.default\">\n\t\t\t\t\t<h2 class=\"elementor-heading-title elementor-size-default\"><h2 class=\"elementor-heading-title elementor-size-default\" style=\"font-family: Poppins, sans-serif;font-weight: 500;font-size: 35px;text-align: center\">Sustainable cycle<\/h2><\/h2>\t\t\t\t<\/div>\n\t\t\t\t\t<\/div>\n\t\t\t\t<\/div>\n\t\t<div class=\"elementor-element elementor-element-1e2ba2d e-con-full e-flex e-con e-parent\" data-id=\"1e2ba2d\" data-element_type=\"container\" data-settings=\"{&quot;background_background&quot;:&quot;classic&quot;}\">\n\t\t\t\t<div class=\"elementor-element elementor-element-dd4f356 elementor-widget elementor-widget-text-editor\" data-id=\"dd4f356\" data-element_type=\"widget\" data-widget_type=\"text-editor.default\">\n\t\t\t\t\t\t\t\t\t<p>From the cows that produce our creamy organic A2 milk to our cans, everything is part of a sustainable cycle. No pesticides, no synthetic additives, no fertilizers and no overworked farmland; so that the country can fend for itself and naturally recover. There is more than enough space, so we grow our own forage and use the manure from the cows on the land, which completes the circle. Our Dutch Organic A2 cows are treated with respect and with our farmers we are perhaps the leading socially responsible dairy producer in the Netherlands.<\/p>\t\t\t\t\t\t\t\t<\/div>\n\t\t\t\t<\/div>\n\t\t<div class=\"elementor-element elementor-element-a78f77e e-flex e-con-boxed e-con e-parent\" data-id=\"a78f77e\" data-element_type=\"container\">\n\t\t\t\t\t<div class=\"e-con-inner\">\n\t\t\t\t\t<\/div>\n\t\t\t\t<\/div>\n\t\t<div class=\"elementor-element elementor-element-8a79036 e-con-full e-flex e-con e-parent\" data-id=\"8a79036\" data-element_type=\"container\">\n\t\t\t\t<div class=\"elementor-element elementor-element-b8df8ad elementor-widget elementor-widget-heading\" data-id=\"b8df8ad\" data-element_type=\"widget\" data-widget_type=\"heading.default\">\n\t\t\t\t\t<h2 class=\"elementor-heading-title elementor-size-default\"><h2 class=\"elementor-heading-title elementor-size-default\" style=\"font-family: Poppins, sans-serif;font-weight: 500;font-size: 24px;text-align: center\">In addition, our farms use the latest technology to become as efficiency as  possible.<\/h2><\/h2>\t\t\t\t<\/div>\n\t\t\t\t<\/div>\n\t\t\t\t<\/div>","protected":false},"excerpt":{"rendered":"<p>Our A2 Farmers T\u1eeb \u0111\u1ed3ng xanh H\u00e0 Lan \u2013 s\u1eefa A2 thu\u1ea7n h\u1eefu c\u01a1 H\u1ed3i nguy\u00ean tinh th\u1ea7n n\u00f4ng phu thu\u1edf s\u01a1 khai B\u00f2 s\u1eefa A2 c\u1ee7a ch\u00fang t\u00f4i \u0111\u01b0\u1ee3c ch\u0103n nu\u00f4i tr\u00ean \u0111\u1ea5t n\u00f4ng nghi\u1ec7p \u0111\u01b0\u1ee3c qu\u1ea3n l\u00fd c\u00f3 tr\u00e1ch nhi\u1ec7m. Ch\u00fang t\u00f4i t\u1ef1 h\u00e0o ti\u00ean phong trong vi\u1ec7c b\u1ea3o t\u1ed3n n\u00f4ng nghi\u1ec7p b\u1ec1n [&hellip;]<\/p>","protected":false},"author":2,"featured_media":0,"parent":0,"menu_order":0,"comment_status":"closed","ping_status":"closed","template":"","meta":{"_acf_changed":false,"footnotes":""},"class_list":["post-255","page","type-page","status-publish","hentry"],"acf":[],"_links":{"self":[{"href":"https:\/\/baluxaa2milk.com\/en\/wp-json\/wp\/v2\/pages\/255","targetHints":{"allow":["GET"]}}],"collection":[{"href":"https:\/\/baluxaa2milk.com\/en\/wp-json\/wp\/v2\/pages"}],"about":[{"href":"https:\/\/baluxaa2milk.com\/en\/wp-json\/wp\/v2\/types\/page"}],"author":[{"embeddable":true,"href":"https:\/\/baluxaa2milk.com\/en\/wp-json\/wp\/v2\/users\/2"}],"replies":[{"embeddable":true,"href":"https:\/\/baluxaa2milk.com\/en\/wp-json\/wp\/v2\/comments?post=255"}],"version-history":[{"count":136,"href":"https:\/\/baluxaa2milk.com\/en\/wp-json\/wp\/v2\/pages\/255\/revisions"}],"predecessor-version":[{"id":870,"href":"https:\/\/baluxaa2milk.com\/en\/wp-json\/wp\/v2\/pages\/255\/revisions\/870"}],"wp:attachment":[{"href":"https:\/\/baluxaa2milk.com\/en\/wp-json\/wp\/v2\/media?parent=255"}],"curies":[{"name":"wp","href":"https:\/\/api.w.org\/{rel}","templated":true}]}}