{"id":383,"date":"2025-10-11T16:00:14","date_gmt":"2025-10-11T09:00:14","guid":{"rendered":"https:\/\/baluxaa2milk.com\/?page_id=383"},"modified":"2025-10-14T14:32:02","modified_gmt":"2025-10-14T07:32:02","slug":"our-story","status":"publish","type":"page","link":"https:\/\/baluxaa2milk.com\/en\/our-story\/","title":{"rendered":"Our Story"},"content":{"rendered":"<div data-elementor-type=\"wp-page\" data-elementor-id=\"383\" class=\"elementor elementor-383\" data-elementor-post-type=\"page\">\n\t\t\t\t<div class=\"elementor-element elementor-element-883b043 e-flex e-con-boxed e-con e-parent\" data-id=\"883b043\" data-element_type=\"container\" data-settings=\"{&quot;background_background&quot;:&quot;classic&quot;}\">\n\t\t\t\t\t<div class=\"e-con-inner\">\n\t\t\t\t<div class=\"elementor-element elementor-element-3e5d31e elementor-widget elementor-widget-heading\" data-id=\"3e5d31e\" data-element_type=\"widget\" data-widget_type=\"heading.default\">\n\t\t\t\t\t<h2 class=\"elementor-heading-title elementor-size-default\">Our Story\n<\/h2>\t\t\t\t<\/div>\n\t\t\t\t\t<\/div>\n\t\t\t\t<\/div>\n\t\t<div class=\"elementor-element elementor-element-61246eb e-con-full e-flex e-con e-parent\" data-id=\"61246eb\" data-element_type=\"container\">\n\t\t\t\t<div class=\"elementor-element elementor-element-ef80322 elementor-widget elementor-widget-heading\" data-id=\"ef80322\" data-element_type=\"widget\" data-widget_type=\"heading.default\">\n\t\t\t\t\t<h2 class=\"elementor-heading-title elementor-size-default\">Our Story<\/h2>\t\t\t\t<\/div>\n\t\t\t\t<div class=\"elementor-element elementor-element-831be7e elementor-widget elementor-widget-heading\" data-id=\"831be7e\" data-element_type=\"widget\" data-widget_type=\"heading.default\">\n\t\t\t\t\t<h3 class=\"elementor-heading-title elementor-size-default\">Dairy products and Nutraceuticals<\/h3>\t\t\t\t<\/div>\n\t\t\t\t<\/div>\n\t\t<div class=\"elementor-element elementor-element-2f1ff1d e-con-full e-flex e-con e-parent\" data-id=\"2f1ff1d\" data-element_type=\"container\">\n\t\t\t\t<div class=\"elementor-element elementor-element-e41061d elementor-widget elementor-widget-text-editor\" data-id=\"e41061d\" data-element_type=\"widget\" data-widget_type=\"text-editor.default\">\n\t\t\t\t\t\t\t\t\t<p>Our A2 dairy cows are on responsibly managed agricultural land. We are proud to lead by example with regard to sustainable agriculture and biodiversity and we do our best to preserve nature.<\/p><p>We strive to follow the biodynamic principle with our Organic A2 farmers. This means that our farmers treat the land with the respect it deserves in order to preserve it for future generations. We approach everything from a sustainability point of view: the quality of the soil and plants, the animals grazing on the land and the people who work on the land. Our goal is to minimize the environmental impact, with a focus on generating: Social Return, Natural Return, Financial Return and finally Inspiration. Hope and inspiration for a future in which people can live for generations on the fertile soil they cultivate. In this way, this agricultural principle creates a good balance for future-proof and profitable agriculture for nature and people.<\/p>\t\t\t\t\t\t\t\t<\/div>\n\t\t\t\t<\/div>\n\t\t<div class=\"elementor-element elementor-element-7a7e525 e-con-full e-flex e-con e-parent\" data-id=\"7a7e525\" data-element_type=\"container\">\n\t\t\t\t<div class=\"elementor-element elementor-element-809a84f elementor-widget elementor-widget-heading\" data-id=\"809a84f\" data-element_type=\"widget\" data-widget_type=\"heading.default\">\n\t\t\t\t\t<h2 class=\"elementor-heading-title elementor-size-default\">Mission and Vision<\/h2>\t\t\t\t<\/div>\n\t\t\t\t<div class=\"elementor-element elementor-element-807dccf elementor-widget elementor-widget-text-editor\" data-id=\"807dccf\" data-element_type=\"widget\" data-widget_type=\"text-editor.default\">\n\t\t\t\t\t\t\t\t\t<p>Combining fields of our knowledge and competence can offer innovative insights and deliver new inroads in the quality of life worldwide based on high quality organic A2 dairy products.<\/p><p>We believe and focus on preventive lifestyle basics, bringing out the best possible products that meet the contemporary (unmet) needs and wants in all markets.<\/p>\t\t\t\t\t\t\t\t<\/div>\n\t\t\t\t<\/div>\n\t\t<div class=\"elementor-element elementor-element-3e2d906 e-con-full e-flex e-con e-parent\" data-id=\"3e2d906\" data-element_type=\"container\">\n\t\t\t\t<\/div>\n\t\t\t\t<\/div>","protected":false},"excerpt":{"rendered":"<p>Our Story C\u00e2u chuy\u1ec7n c\u1ee7a ch\u00fang t\u00f4i S\u1ea3n ph\u1ea9m t\u1eeb s\u1eefa v\u00e0 th\u1ef1c ph\u1ea9m ch\u1ee9c n\u0103ng B\u00f2 s\u1eefa A2 c\u1ee7a ch\u00fang t\u00f4i \u0111\u01b0\u1ee3c ch\u0103n nu\u00f4i tr\u00ean \u0111\u1ea5t n\u00f4ng nghi\u1ec7p \u0111\u01b0\u1ee3c qu\u1ea3n l\u00fd c\u00f3 tr\u00e1ch nhi\u1ec7m. Ch\u00fang t\u00f4i t\u1ef1 h\u00e0o ti\u00ean phong trong vi\u1ec7c b\u1ea3o t\u1ed3n n\u00f4ng nghi\u1ec7p b\u1ec1n v\u1eefng v\u00e0 \u0111a d\u1ea1ng sinh h\u1ecdc, \u0111\u1ed3ng [&hellip;]<\/p>","protected":false},"author":2,"featured_media":0,"parent":0,"menu_order":0,"comment_status":"closed","ping_status":"closed","template":"","meta":{"_acf_changed":false,"footnotes":""},"class_list":["post-383","page","type-page","status-publish","hentry"],"acf":[],"_links":{"self":[{"href":"https:\/\/baluxaa2milk.com\/en\/wp-json\/wp\/v2\/pages\/383","targetHints":{"allow":["GET"]}}],"collection":[{"href":"https:\/\/baluxaa2milk.com\/en\/wp-json\/wp\/v2\/pages"}],"about":[{"href":"https:\/\/baluxaa2milk.com\/en\/wp-json\/wp\/v2\/types\/page"}],"author":[{"embeddable":true,"href":"https:\/\/baluxaa2milk.com\/en\/wp-json\/wp\/v2\/users\/2"}],"replies":[{"embeddable":true,"href":"https:\/\/baluxaa2milk.com\/en\/wp-json\/wp\/v2\/comments?post=383"}],"version-history":[{"count":81,"href":"https:\/\/baluxaa2milk.com\/en\/wp-json\/wp\/v2\/pages\/383\/revisions"}],"predecessor-version":[{"id":858,"href":"https:\/\/baluxaa2milk.com\/en\/wp-json\/wp\/v2\/pages\/383\/revisions\/858"}],"wp:attachment":[{"href":"https:\/\/baluxaa2milk.com\/en\/wp-json\/wp\/v2\/media?parent=383"}],"curies":[{"name":"wp","href":"https:\/\/api.w.org\/{rel}","templated":true}]}}